{"id":4841,"date":"2010-09-01T00:47:32","date_gmt":"2010-08-31T19:17:32","guid":{"rendered":"http:\/\/pharosmedia.com\/books\/?post_type=product&#038;p=4841"},"modified":"2019-09-01T00:48:07","modified_gmt":"2019-08-31T19:18:07","slug":"9788172210373","status":"publish","type":"product","link":"https:\/\/pharosmedia.com\/books\/product\/9788172210373\/","title":{"rendered":"Scientific Commentary of Suratul Faatehah"},"content":{"rendered":"<p>Table of Contents<\/p>\n<p>PART I<br \/>\nIntroduction<br \/>\nCHAPTER I: The Holy Qur\u2019an \u2013 An Overview<br \/>\nAllah\u2019s own words<br \/>\nPurpose<br \/>\nThe original copy<br \/>\nLailatul Qadr<br \/>\nScribes<br \/>\nCompilation<br \/>\nAdvice<br \/>\n\u0100y\u0101t<br \/>\nUniversal<br \/>\nNumbers in the Qur\u2019an<br \/>\nKhatm al Qur\u1fbfan<\/p>\n<p>CHAPTER II: Systematic Exposition of S\u016bratul F\u0101tih\u0323ah<br \/>\nOther names<br \/>\n(1) Bismill\u0101h ir Rah\u0323m\u0101n ir Rah\u0323\u012bm<br \/>\n(A) Bismillah<br \/>\nAllah<br \/>\nThe Supreme Being<br \/>\nRoot Words<br \/>\n(B) Ar-Rahm\u0101nir Rah\u012bm<br \/>\nWhat is H\u0323amd?<br \/>\nJust two little words<br \/>\nCaution<br \/>\nThe workload<br \/>\nAh\u0323mad<br \/>\nObstacles<br \/>\nWhy should we thank All\u0101h?<br \/>\nBounties<br \/>\nThanksgiving Poem<br \/>\nIs uttering al-H\u0323amdu lill\u0101h by the tongue sufficient?<br \/>\nWhat if we are ungrateful?<br \/>\nKufr<br \/>\nAre we alone in glorifying All\u0101h?<br \/>\nDoes All\u0101h listen to us praising Him?<br \/>\nIs there any Advantage in thanking and glorifying All\u0101h?<br \/>\nWho is All\u0101h whom we have to thank?<br \/>\nRabbul \u2018\u0100lam\u012bn:<br \/>\n(3) Ar-Rah\u0323m\u0101nir Rah\u0323\u012bm<br \/>\n(4) M\u0101liki Yaumid D\u012bn:<br \/>\nYaumud D\u012bn<br \/>\nDestination Al-M\u0101lik<br \/>\n(A) The Early Human Being:<br \/>\n(B) What is this remarkable creature called \u201cman\u201d who has to meet his m\u0101lik?<br \/>\nFree will<br \/>\nConstitution of Man<br \/>\nMeeting Allah<br \/>\nDeath<br \/>\nThe Glorious Hereafter<br \/>\nSome of the differences between the body and the soul are:<br \/>\nWhat is R\u016bh\u0323? (soul)<br \/>\nIntroduction to the nafs or self<br \/>\nThe psychology of nafs (self)<br \/>\nIslamic perspective of the self (nafs)<br \/>\nWhat is nafs? (the self)<br \/>\nDeveloping Personality<br \/>\nWhen does Islamisation begin?<br \/>\nInfancy<br \/>\nThe \u2018id\u2019<br \/>\nThe ego<br \/>\nSuper-ego<br \/>\nPersonality<br \/>\n(I) An-Nafsul Amm\u0101rah \u2013 The First Part of Life<br \/>\n(II) An-Nafsul Laww\u0101mah &#8211; The Second Part of Life<br \/>\n(III) An-Nafsul Mutma&#8217;innah \u2013 The Third and Final Part of Life<br \/>\nDefinition of Death<br \/>\nIslamic attitude to death<br \/>\nFacing Death<br \/>\nMan\u2019s Last Days on Earth:<br \/>\nDeathbed<br \/>\nSupplication for mercy on death<br \/>\nWhat we are required to do?<br \/>\nThe Concept of Time<br \/>\nDid Allah promise that we will be resurrected?<br \/>\nAppointment with Al-M\u0101lik: actually meeting Him<br \/>\nThe Hereafter<br \/>\nReminiscences from the Hereafter<br \/>\nTazkiyah or purification<br \/>\n(5) Iyy\u0101ka na\u2018budu wa iyy\u0101 ka nasta\u2018\u012bn<br \/>\n(6) Ihdinas-sir\u0101tal mustaq\u012bm<br \/>\nMan\u2019s need for Guidance<br \/>\nPre-conditions required to receive Guidance<\/p>\n<p>CHAPTER III: The straight path or As-s\u0323irat\u0323 al mustaq\u012bm<br \/>\nS\u0323ir\u0101t\u0323 al-mustaq\u012bm through Isl\u0101m of post- Muh\u0323ammad era<br \/>\nOutline of S\u0323ir\u0101t\u0323 al-mustaq\u012bm<br \/>\nI. The Bottom Level: Muslims<br \/>\nKalimatush Shah\u0101dah: the Testimony<br \/>\n\u1e62al\u0101t (nam\u0101z): ritual prayers<br \/>\nIb\u0101dah<br \/>\nAt-Tashahhud or At-Tah\u0323iyy\u0101t<br \/>\nTahajjud<br \/>\nSajdah or Prostration<br \/>\nThe pineal gland:<br \/>\nZak\u0101t or Zakah<br \/>\nCharity<br \/>\nInf\u0101q<br \/>\nS\u0323adaqah<br \/>\nSiy\u0101m: the Isl\u0101mic fast<br \/>\nGeneral considerations:<br \/>\nRequirements:<br \/>\nPurpose<br \/>\nThe month of Ramad\u0323an:<br \/>\nLessons learnt:<br \/>\nFasting and patience:<br \/>\nCalculations:<br \/>\nThe results of the exams:<br \/>\nMedical benefits<br \/>\nFasting in adverse circumstances<br \/>\nFasting with underfeeding<br \/>\nFasting and magnesium<br \/>\nFasting and our biological rhythms<br \/>\nFasting and the circadian rhythm:<br \/>\nFasting, jet lag and shift work:<br \/>\nFasting and encephalins<br \/>\nFasting and Growth Hormone:<br \/>\nSleep, memory and fasting<br \/>\nElectroencephalogram, fasting and sleep<br \/>\nTar\u0101w\u012bh:<br \/>\nHajj for those who can afford it<br \/>\nHistory:<br \/>\nSignifance of \u2018Id ul Ad\u0323ha<br \/>\nSacrifice<br \/>\nMajor \u2018id and minor \u2018id<br \/>\nII. The second level of as sir\u0101t\u0323 al mustaq\u012bm: Im\u0101n (mu\u2019mins)<br \/>\n\u012am\u0101n or faith:<br \/>\nIII. The third level of as sir\u0101t\u0323 al mustaq\u012bm: ihs\u0101n (muhsins)<br \/>\nIV. The fourth level of sir\u0101t al mustaq\u012bm: \u012ath\u0101r<br \/>\nV. The fifth level and upwards: Shah\u012bd \/ shuhad\u0101<br \/>\n(7) Sir\u0101t al ladh\u012bna an \u2018amta \u2018alyhim ghyril maghdubi \u2018alyhim wa lad d\u0101ll\u012bn<br \/>\nGhyril maghd\u016bbi \u2018alyhim<br \/>\nWa lad d\u0101ll\u012bn: (Nor those who have gone astray)<\/p>\n<p>PART II<br \/>\nCHAPTER IV : Relationship between man and Allah<br \/>\nHistory of man<br \/>\nShayt\u0323\u0101n (Satan, the devil)<br \/>\nThe story of Satan<br \/>\nLessons to learn from \u0100dam and Eve<br \/>\nHow does Satan operate?<br \/>\nAllah\u2019s warnings about shayt\u0101n<br \/>\nWas shayt\u0101n an angel or a jinn\u012b?<br \/>\nTaubah or repentance and its requirements<br \/>\n(A) Sin<br \/>\nWhy is mankind so prone to commit sins?<br \/>\nShirrk and false worship<br \/>\nK\u0101fir<br \/>\n(B) The Sinner<br \/>\n(C) Asking for forgivness<br \/>\nWhich categories of persons would be forgiven by Allah?<br \/>\n(D) Repenting or Tauba<br \/>\n(E) Allah\u2019s acceptance of Tauba<br \/>\nThe purpose of repentance<br \/>\nThe benefits of repentance<br \/>\nRetaliation:<br \/>\nHypocrisy:<br \/>\nCommercial Hypocrisy<br \/>\nMedia Hypocrisy<br \/>\nSocial Hypocrisy<br \/>\nReligious Hypocrisy<br \/>\nIntellectual Hypocrisy<br \/>\nCultural Hypocrisy<br \/>\nPolitical Hypocrisy<br \/>\nThe gift of speech<br \/>\nBio-physics<br \/>\nSound<br \/>\nAbnormal Speech<br \/>\nWaswasa or soft, alluring sound<br \/>\nTongue<br \/>\nTruth<br \/>\nPleasant Speech<br \/>\nListening<br \/>\nNamimah<br \/>\nUnpleasant Speech<br \/>\nBack-biting, gossip and slander<br \/>\nGossip<br \/>\nResponding to gossip and slander<br \/>\nAnger<\/p>\n<p>CHAPTER V: Islam in the light of science<br \/>\nThe Human Brain<br \/>\nElectroencephalogram:<br \/>\nNeurotransmitters<br \/>\nEndorphins and encephalins:<br \/>\nSerotonin<br \/>\nDopamine:<br \/>\nAcetylcholine:<br \/>\nOxytocin:<br \/>\nVasopressin:<br \/>\nCatecholamines:<br \/>\nEpinephrine: (adrenaline)<br \/>\nNor-epinephrine:<br \/>\nGABA:<br \/>\nGlutamate:<br \/>\nPhenylethylamine:<br \/>\nHormones:<br \/>\nNeuroscience of sleep:<br \/>\nDreams:<br \/>\nMedical aspects of forbidden foods in Islam<br \/>\nI. Diseases transmitted to man from an animal which dies of itself<br \/>\nDiseases in man caused by blood<br \/>\nDiseases carried from swine to man<br \/>\nIslam and intoxicants<br \/>\nAlcohol<br \/>\nAbsorption:<br \/>\nEffect of alcohol on the body<br \/>\nAction of alcohol on the brain<br \/>\nSome statistics<br \/>\nRecommendations<br \/>\nHow Islam deals with alcohol<br \/>\nA few of the common drugs<br \/>\nMarijuana<br \/>\nLSD<br \/>\nMescaline<br \/>\nPsilocybin<br \/>\nDMT<br \/>\nPCP<br \/>\nAmphetamines<br \/>\nQot\/Kat\/Khat<br \/>\nSTP<br \/>\nMDMA<br \/>\nCocaine<br \/>\nOpium and Heroin<br \/>\nInhalants<br \/>\nA comparison of different concepts of God<br \/>\nExtra-terrestrial journeys: descent of the first prophet and ascent of the last prophet<br \/>\nAbstract<br \/>\nThe Last Prophet<br \/>\nThe me\u2018r\u0101j<br \/>\nThe Holy Qur\u2019\u0101n summarises this celestial event<br \/>\nSaw with naked eye<\/p>\n<p>CHAPTER VI: Islam the perfect religion<br \/>\nHow religion was perfected<br \/>\nIsl\u0101m<br \/>\nIslamic da\u2018wah: Who is a Muslim and what image should he project?<br \/>\nTaqw\u0101<br \/>\nUmmah (community)<br \/>\nThe Bee<br \/>\nWe Muslims are pathetically backward in technology<br \/>\nIslamisation<br \/>\nTribute to Mother<br \/>\nBalance \u2013 M\u012bz\u0101n<br \/>\nAnd finally about our leader<br \/>\nMaulid\/Maulood<br \/>\nGod-Spot<br \/>\nHave we betrayed the trust?<br \/>\nMarriage<br \/>\nSome quotes from the Holy Qur&#8217;an and H\u0323ad\u012bth relating to man and woman<br \/>\nAdvice to newly-wed couples<br \/>\n\u2018Aq\u012bqah<br \/>\nMedical aspects of male circumcision in Isl\u0101m<br \/>\nCircumcision prevents<br \/>\nTime<br \/>\nWater<br \/>\nTadb\u012br versus taqd\u012br<br \/>\nQad\u0101 and Qadar (taqd\u012br)<br \/>\nTadb\u012br<br \/>\nMiddle Course<br \/>\nKnowledge<br \/>\nElectromagnetic Waves<br \/>\nAngels<br \/>\nWays in which this world may end<br \/>\nYaum<br \/>\nPeriod<br \/>\nHour<br \/>\nThe earth<br \/>\nThe Sun<br \/>\nThe moon<br \/>\nVolcanoes:<br \/>\nEarthquakes:<br \/>\nSupernova:<br \/>\nMagnetic reversal of Earth\u2019s polarity<br \/>\nWar Weapons<br \/>\nChemical and biological warfare<br \/>\nMonster microbes and hybrid animals<br \/>\nGreenhouse Gases<br \/>\nAerosols and the ozone layer<br \/>\nOther pollutants<br \/>\nAcid Rain<br \/>\nReversal of the big bang<\/p>\n<p>Conclusion<br \/>\n\u2018Retroscope\u2019 in Heaven<\/p>\n","protected":false},"excerpt":{"rendered":"<p>Amazing discoveries by Dr Ebrahim Kazim in the Scientific Commentary of Suratul Faatehah, which is the very first Surah in the Holy Quran<\/p>\n<p>by Dr E Kazim<br \/>\nM.B., B.S., D.T.M. &amp; H., M.R.C.P.<br \/>\nDirector, Islamic Academy, Trinidad<\/p>\n","protected":false},"featured_media":4842,"comment_status":"open","ping_status":"closed","template":"","meta":[],"product_cat":[20,27,182],"product_tag":[512,286,511,510,287,378],"_links":{"self":[{"href":"https:\/\/pharosmedia.com\/books\/wp-json\/wp\/v2\/product\/4841"}],"collection":[{"href":"https:\/\/pharosmedia.com\/books\/wp-json\/wp\/v2\/product"}],"about":[{"href":"https:\/\/pharosmedia.com\/books\/wp-json\/wp\/v2\/types\/product"}],"replies":[{"embeddable":true,"href":"https:\/\/pharosmedia.com\/books\/wp-json\/wp\/v2\/comments?post=4841"}],"wp:featuredmedia":[{"embeddable":true,"href":"https:\/\/pharosmedia.com\/books\/wp-json\/wp\/v2\/media\/4842"}],"wp:attachment":[{"href":"https:\/\/pharosmedia.com\/books\/wp-json\/wp\/v2\/media?parent=4841"}],"wp:term":[{"taxonomy":"product_cat","embeddable":true,"href":"https:\/\/pharosmedia.com\/books\/wp-json\/wp\/v2\/product_cat?post=4841"},{"taxonomy":"product_tag","embeddable":true,"href":"https:\/\/pharosmedia.com\/books\/wp-json\/wp\/v2\/product_tag?post=4841"}],"curies":[{"name":"wp","href":"https:\/\/api.w.org\/{rel}","templated":true}]}}